{"id":525,"date":"2025-12-09T23:00:00","date_gmt":"2025-12-09T22:00:00","guid":{"rendered":"https:\/\/betterthansilence.de\/radio\/?page_id=525"},"modified":"2026-03-21T15:09:03","modified_gmt":"2026-03-21T14:09:03","slug":"originaltoene","status":"publish","type":"page","link":"https:\/\/betterthansilence.de\/radio\/originaltoene\/","title":{"rendered":"Originalt\u00f6ne"},"content":{"rendered":"\n<p>Hier findet man Dinge, die es vielleicht nicht oder nicht ganz in unsere Sendung geschafft haben &#8230;<\/p>\n\n\n\n<ul class=\"wp-block-list\">\n<li>Interviews in voller L\u00e4nge<\/li>\n\n\n\n<li>Gr\u00fc\u00dfe an das Better Than Silence Radio<\/li>\n\n\n\n<li>Reaktionen<\/li>\n\n\n\n<li>&#8230;<\/li>\n<\/ul>\n\n\n\n<hr class=\"wp-block-separator has-alpha-channel-opacity\"\/>\n\n\n\n<p><strong>Das &#8222;Peiner Regen-Interview&#8220; mit DETLEF (K\u00f6ln)<\/strong><\/p>\n\n\n\n<figure class=\"wp-block-audio\"><audio controls src=\"https:\/\/betterthansilence.de\/radio\/wp-content\/uploads\/2025\/12\/Detlef_20251114.mp3\"><\/audio><figcaption class=\"wp-element-caption\">.Garage.Peine.Autobahn.Schandelah.Spunk.Kleine L\u00e4den.Gute L\u00e4den.Irish Pub Magdeburg.2 Fragen von Grundsch\u00fclern.Wie kommt man auf diesen Namen.Wie habt ihr euch kennengelernt.Die Detlefs schlagen zur\u00fcck und fragen uns.Songauswahl.Wie w\u00e4hlt ihr eure Locations aus.Festivals.Warum sind wir f\u00fcr euch Harzer.Probleme mit rechten Ansichten fr\u00fcher und heute.Texte mit Wortwitz und Anspruch.Neues Album 26\/27.Seapunks.Was sollen wir spielen.<\/figcaption><\/figure>\n\n\n\n<p><strong>Gr\u00fc\u00dfe an BTS:<\/strong><\/p>\n\n\n\n<p><strong>Ein Gru\u00df von Braden\/Corrective Measure (USA)<\/strong><\/p>\n\n\n\n<figure class=\"wp-block-audio\"><audio controls src=\"https:\/\/betterthansilence.de\/radio\/wp-content\/uploads\/2026\/03\/bts_Braden-CorrectiveMeasure-Greeting.mp3\"><\/audio><\/figure>\n\n\n\n<p><strong>Ein Gru\u00df von Walter Schreifels\/Gorilla Biscuits (USA)<\/strong><\/p>\n\n\n\n<figure class=\"wp-block-video\"><video height=\"360\" style=\"aspect-ratio: 640 \/ 360;\" width=\"640\" controls preload=\"auto\" src=\"https:\/\/betterthansilence.de\/radio\/wp-content\/uploads\/2025\/12\/walter.mov\" playsinline><\/video><\/figure>\n\n\n\n<p><strong>Ein Gru\u00df von CHESTER PARK (Hannover)<\/strong><\/p>\n\n\n\n<figure class=\"wp-block-audio\"><audio controls src=\"https:\/\/betterthansilence.de\/radio\/wp-content\/uploads\/2026\/03\/CP-Radio.wav\"><\/audio><\/figure>\n\n\n\n<p><strong>Ein Gru\u00df von GERCHI (Georgien)<\/strong><\/p>\n\n\n\n<figure class=\"wp-block-audio\"><audio controls src=\"https:\/\/betterthansilence.de\/radio\/wp-content\/uploads\/2026\/03\/Gerchizeug.mp3\"><\/audio><\/figure>\n","protected":false},"excerpt":{"rendered":"<p>Hier findet man Dinge, die es vielleicht nicht oder nicht ganz in unsere Sendung geschafft haben &#8230; Das &#8222;Peiner Regen-Interview&#8220; mit DETLEF (K\u00f6ln) Gr\u00fc\u00dfe an BTS: Ein Gru\u00df von Braden\/Corrective Measure (USA) Ein Gru\u00df von Walter Schreifels\/Gorilla Biscuits (USA) Ein Gru\u00df von CHESTER PARK (Hannover) Ein Gru\u00df von GERCHI (Georgien)<\/p>\n","protected":false},"author":2,"featured_media":0,"parent":0,"menu_order":0,"comment_status":"closed","ping_status":"closed","template":"","meta":{"footnotes":""},"class_list":["post-525","page","type-page","status-publish","hentry"],"_links":{"self":[{"href":"https:\/\/betterthansilence.de\/radio\/wp-json\/wp\/v2\/pages\/525","targetHints":{"allow":["GET"]}}],"collection":[{"href":"https:\/\/betterthansilence.de\/radio\/wp-json\/wp\/v2\/pages"}],"about":[{"href":"https:\/\/betterthansilence.de\/radio\/wp-json\/wp\/v2\/types\/page"}],"author":[{"embeddable":true,"href":"https:\/\/betterthansilence.de\/radio\/wp-json\/wp\/v2\/users\/2"}],"replies":[{"embeddable":true,"href":"https:\/\/betterthansilence.de\/radio\/wp-json\/wp\/v2\/comments?post=525"}],"version-history":[{"count":6,"href":"https:\/\/betterthansilence.de\/radio\/wp-json\/wp\/v2\/pages\/525\/revisions"}],"predecessor-version":[{"id":888,"href":"https:\/\/betterthansilence.de\/radio\/wp-json\/wp\/v2\/pages\/525\/revisions\/888"}],"wp:attachment":[{"href":"https:\/\/betterthansilence.de\/radio\/wp-json\/wp\/v2\/media?parent=525"}],"curies":[{"name":"wp","href":"https:\/\/api.w.org\/{rel}","templated":true}]}}